{"id":829,"date":"2018-05-17T12:01:58","date_gmt":"2018-05-17T12:01:58","guid":{"rendered":"https:\/\/www.postmanlaw.com\/?page_id=129"},"modified":"2026-03-02T14:12:36","modified_gmt":"2026-03-02T19:12:36","slug":"home","status":"publish","type":"page","link":"https:\/\/postmanlaw.829stage.com\/es\/","title":{"rendered":"Inicio"},"content":{"rendered":"","protected":false},"excerpt":{"rendered":"","protected":false},"author":3,"featured_media":0,"parent":0,"menu_order":1,"comment_status":"closed","ping_status":"closed","template":"","meta":{"_acf_changed":false,"_relevanssi_hide_post":"","_relevanssi_hide_content":"","_relevanssi_pin_for_all":"","_relevanssi_pin_keywords":"","_relevanssi_unpin_keywords":"","_relevanssi_related_keywords":"","_relevanssi_related_include_ids":"","_relevanssi_related_exclude_ids":"","_relevanssi_related_no_append":"","_relevanssi_related_not_related":"","_relevanssi_related_posts":"","_relevanssi_noindex_reason":"","footnotes":""},"class_list":["post-829","page","type-page","status-publish","hentry"],"acf":[],"yoast_head":"<!-- This site is optimized with the Yoast SEO plugin v27.4 - https:\/\/yoast.com\/product\/yoast-seo-wordpress\/ -->\n<title>Postman Law | Personal Injury Lawyers Who Deliver Results<\/title>\n<meta name=\"description\" content=\"Postman Law is the personal injury law firm that delivers results fast. Get a free consultation with expert attorneys who fight for your compensation.\" \/>\n<meta name=\"robots\" content=\"index, follow, max-snippet:-1, max-image-preview:large, max-video-preview:-1\" \/>\n<link rel=\"canonical\" href=\"https:\/\/postmanlaw.829stage.com\/es\/\" \/>\n<meta property=\"og:locale\" content=\"es_MX\" \/>\n<meta property=\"og:type\" content=\"article\" \/>\n<meta property=\"og:title\" content=\"Postman Law | Personal Injury Lawyers Who Deliver Results\" \/>\n<meta property=\"og:description\" content=\"Postman Law is the personal injury law firm that delivers results fast. Get a free consultation with expert attorneys who fight for your compensation.\" \/>\n<meta property=\"og:url\" content=\"https:\/\/postmanlaw.829stage.com\/es\/\" \/>\n<meta property=\"og:site_name\" content=\"Postman Law\" \/>\n<meta property=\"article:modified_time\" content=\"2026-03-02T19:12:36+00:00\" \/>\n<meta property=\"og:image\" content=\"https:\/\/postmanlaw.829stage.com\/wp-content\/uploads\/2025\/06\/Postman-Law-Logo.png\" \/>\n\t<meta property=\"og:image:width\" content=\"1600\" \/>\n\t<meta property=\"og:image:height\" content=\"1600\" \/>\n\t<meta property=\"og:image:type\" content=\"image\/png\" \/>\n<meta name=\"twitter:card\" content=\"summary_large_image\" \/>\n<meta name=\"twitter:label1\" content=\"Est. reading time\" \/>\n\t<meta name=\"twitter:data1\" content=\"19 minutes\" \/>\n<script type=\"application\/ld+json\" class=\"yoast-schema-graph\">{\"@context\":\"https:\\\/\\\/schema.org\",\"@graph\":[{\"@type\":\"WebPage\",\"@id\":\"https:\\\/\\\/postmanlaw.829stage.com\\\/\",\"url\":\"https:\\\/\\\/postmanlaw.829stage.com\\\/\",\"name\":\"Postman Law | Personal Injury Lawyers Who Deliver Results\",\"isPartOf\":{\"@id\":\"https:\\\/\\\/postmanlaw.829stage.com\\\/es\\\/#website\"},\"primaryImageOfPage\":{\"@id\":\"https:\\\/\\\/postmanlaw.829stage.com\\\/#primaryimage\"},\"image\":{\"@id\":\"https:\\\/\\\/postmanlaw.829stage.com\\\/#primaryimage\"},\"thumbnailUrl\":\"https:\\\/\\\/postmanlaw.829stage.com\\\/wp-content\\\/uploads\\\/2025\\\/11\\\/img-hero.webp\",\"datePublished\":\"2018-05-17T12:01:58+00:00\",\"dateModified\":\"2026-03-02T19:12:36+00:00\",\"description\":\"Postman Law is the personal injury law firm that delivers results fast. Get a free consultation with expert attorneys who fight for your compensation.\",\"breadcrumb\":{\"@id\":\"https:\\\/\\\/postmanlaw.829stage.com\\\/#breadcrumb\"},\"inLanguage\":\"es-MX\",\"potentialAction\":[{\"@type\":\"ReadAction\",\"target\":[\"https:\\\/\\\/postmanlaw.829stage.com\\\/\"]}]},{\"@type\":\"ImageObject\",\"inLanguage\":\"es-MX\",\"@id\":\"https:\\\/\\\/postmanlaw.829stage.com\\\/#primaryimage\",\"url\":\"https:\\\/\\\/postmanlaw.829stage.com\\\/wp-content\\\/uploads\\\/2025\\\/11\\\/img-hero.webp\",\"contentUrl\":\"https:\\\/\\\/postmanlaw.829stage.com\\\/wp-content\\\/uploads\\\/2025\\\/11\\\/img-hero.webp\"},{\"@type\":\"BreadcrumbList\",\"@id\":\"https:\\\/\\\/postmanlaw.829stage.com\\\/#breadcrumb\",\"itemListElement\":[{\"@type\":\"ListItem\",\"position\":1,\"name\":\"Home\",\"item\":\"https:\\\/\\\/postmanlaw.829stage.com\\\/\"},{\"@type\":\"ListItem\",\"position\":2,\"name\":\"Home\"}]},{\"@type\":\"WebSite\",\"@id\":\"https:\\\/\\\/postmanlaw.829stage.com\\\/es\\\/#website\",\"url\":\"https:\\\/\\\/postmanlaw.829stage.com\\\/es\\\/\",\"name\":\"Postman Law\",\"description\":\"Lawyer &amp; Law Firm\",\"publisher\":{\"@id\":\"https:\\\/\\\/postmanlaw.829stage.com\\\/es\\\/#organization\"},\"potentialAction\":[{\"@type\":\"SearchAction\",\"target\":{\"@type\":\"EntryPoint\",\"urlTemplate\":\"https:\\\/\\\/postmanlaw.829stage.com\\\/es\\\/?s={search_term_string}\"},\"query-input\":{\"@type\":\"PropertyValueSpecification\",\"valueRequired\":true,\"valueName\":\"search_term_string\"}}],\"inLanguage\":\"es-MX\"},{\"@type\":\"Organization\",\"@id\":\"https:\\\/\\\/postmanlaw.829stage.com\\\/es\\\/#organization\",\"name\":\"Postman Law\",\"url\":\"https:\\\/\\\/postmanlaw.829stage.com\\\/es\\\/\",\"logo\":{\"@type\":\"ImageObject\",\"inLanguage\":\"es-MX\",\"@id\":\"https:\\\/\\\/postmanlaw.829stage.com\\\/es\\\/#\\\/schema\\\/logo\\\/image\\\/\",\"url\":\"https:\\\/\\\/postmanlaw.829stage.com\\\/wp-content\\\/uploads\\\/2025\\\/06\\\/icon-logo-web.png\",\"contentUrl\":\"https:\\\/\\\/postmanlaw.829stage.com\\\/wp-content\\\/uploads\\\/2025\\\/06\\\/icon-logo-web.png\",\"width\":696,\"height\":696,\"caption\":\"Postman Law\"},\"image\":{\"@id\":\"https:\\\/\\\/postmanlaw.829stage.com\\\/es\\\/#\\\/schema\\\/logo\\\/image\\\/\"}}]}<\/script>\n<!-- \/ Yoast SEO plugin. -->","yoast_head_json":{"title":"Postman Law | Abogados de lesiones personales que ofrecen resultados","description":"Postman Law es el bufete de abogados especializado en lesiones personales que ofrece resultados r\u00e1pidos. Obtenga una consulta gratuita con abogados expertos que luchar\u00e1n por su indemnizaci\u00f3n.","robots":{"index":"index","follow":"follow","max-snippet":"max-snippet:-1","max-image-preview":"max-image-preview:large","max-video-preview":"max-video-preview:-1"},"canonical":"https:\/\/postmanlaw.829stage.com\/es\/","og_locale":"es_MX","og_type":"article","og_title":"Postman Law | Personal Injury Lawyers Who Deliver Results","og_description":"Postman Law is the personal injury law firm that delivers results fast. Get a free consultation with expert attorneys who fight for your compensation.","og_url":"https:\/\/postmanlaw.829stage.com\/es\/","og_site_name":"Postman Law","article_modified_time":"2026-03-02T19:12:36+00:00","og_image":[{"width":1600,"height":1600,"url":"https:\/\/postmanlaw.829stage.com\/wp-content\/uploads\/2025\/06\/Postman-Law-Logo.png","type":"image\/png"}],"twitter_card":"summary_large_image","twitter_misc":{"Est. reading time":"19 minutes"},"schema":{"@context":"https:\/\/schema.org","@graph":[{"@type":"WebPage","@id":"https:\/\/postmanlaw.829stage.com\/","url":"https:\/\/postmanlaw.829stage.com\/","name":"Postman Law | Abogados de lesiones personales que ofrecen resultados","isPartOf":{"@id":"https:\/\/postmanlaw.829stage.com\/es\/#website"},"primaryImageOfPage":{"@id":"https:\/\/postmanlaw.829stage.com\/#primaryimage"},"image":{"@id":"https:\/\/postmanlaw.829stage.com\/#primaryimage"},"thumbnailUrl":"https:\/\/postmanlaw.829stage.com\/wp-content\/uploads\/2025\/11\/img-hero.webp","datePublished":"2018-05-17T12:01:58+00:00","dateModified":"2026-03-02T19:12:36+00:00","description":"Postman Law es el bufete de abogados especializado en lesiones personales que ofrece resultados r\u00e1pidos. Obtenga una consulta gratuita con abogados expertos que luchar\u00e1n por su indemnizaci\u00f3n.","breadcrumb":{"@id":"https:\/\/postmanlaw.829stage.com\/#breadcrumb"},"inLanguage":"es-MX","potentialAction":[{"@type":"ReadAction","target":["https:\/\/postmanlaw.829stage.com\/"]}]},{"@type":"ImageObject","inLanguage":"es-MX","@id":"https:\/\/postmanlaw.829stage.com\/#primaryimage","url":"https:\/\/postmanlaw.829stage.com\/wp-content\/uploads\/2025\/11\/img-hero.webp","contentUrl":"https:\/\/postmanlaw.829stage.com\/wp-content\/uploads\/2025\/11\/img-hero.webp"},{"@type":"BreadcrumbList","@id":"https:\/\/postmanlaw.829stage.com\/#breadcrumb","itemListElement":[{"@type":"ListItem","position":1,"name":"Home","item":"https:\/\/postmanlaw.829stage.com\/"},{"@type":"ListItem","position":2,"name":"Home"}]},{"@type":"WebSite","@id":"https:\/\/postmanlaw.829stage.com\/es\/#website","url":"https:\/\/postmanlaw.829stage.com\/es\/","name":"Ley del cartero","description":"Abogado y bufete de abogados","publisher":{"@id":"https:\/\/postmanlaw.829stage.com\/es\/#organization"},"potentialAction":[{"@type":"SearchAction","target":{"@type":"EntryPoint","urlTemplate":"https:\/\/postmanlaw.829stage.com\/es\/?s={search_term_string}"},"query-input":{"@type":"PropertyValueSpecification","valueRequired":true,"valueName":"search_term_string"}}],"inLanguage":"es-MX"},{"@type":"Organization","@id":"https:\/\/postmanlaw.829stage.com\/es\/#organization","name":"Ley del cartero","url":"https:\/\/postmanlaw.829stage.com\/es\/","logo":{"@type":"ImageObject","inLanguage":"es-MX","@id":"https:\/\/postmanlaw.829stage.com\/es\/#\/schema\/logo\/image\/","url":"https:\/\/postmanlaw.829stage.com\/wp-content\/uploads\/2025\/06\/icon-logo-web.png","contentUrl":"https:\/\/postmanlaw.829stage.com\/wp-content\/uploads\/2025\/06\/icon-logo-web.png","width":696,"height":696,"caption":"Postman Law"},"image":{"@id":"https:\/\/postmanlaw.829stage.com\/es\/#\/schema\/logo\/image\/"}}]}},"post_content_ungated":null,"_links":{"self":[{"href":"https:\/\/postmanlaw.829stage.com\/es\/wp-json\/wp\/v2\/pages\/829","targetHints":{"allow":["GET"]}}],"collection":[{"href":"https:\/\/postmanlaw.829stage.com\/es\/wp-json\/wp\/v2\/pages"}],"about":[{"href":"https:\/\/postmanlaw.829stage.com\/es\/wp-json\/wp\/v2\/types\/page"}],"author":[{"embeddable":true,"href":"https:\/\/postmanlaw.829stage.com\/es\/wp-json\/wp\/v2\/users\/3"}],"replies":[{"embeddable":true,"href":"https:\/\/postmanlaw.829stage.com\/es\/wp-json\/wp\/v2\/comments?post=829"}],"version-history":[{"count":0,"href":"https:\/\/postmanlaw.829stage.com\/es\/wp-json\/wp\/v2\/pages\/829\/revisions"}],"wp:attachment":[{"href":"https:\/\/postmanlaw.829stage.com\/es\/wp-json\/wp\/v2\/media?parent=829"}],"curies":[{"name":"wp","href":"https:\/\/api.w.org\/{rel}","templated":true}]}}